{"id":695,"date":"2024-02-04T09:44:27","date_gmt":"2024-02-04T08:44:27","guid":{"rendered":"http:\/\/afropeanproject.fr\/?page_id=695"},"modified":"2025-11-16T23:21:37","modified_gmt":"2025-11-16T22:21:37","slug":"album","status":"publish","type":"page","link":"https:\/\/afropeanproject.fr\/index.php\/album\/","title":{"rendered":"Album"},"content":{"rendered":"\t\t<div data-elementor-type=\"wp-page\" data-elementor-id=\"695\" class=\"elementor elementor-695\">\n\t\t\t\t\t\t\t\t\t<section class=\"elementor-section elementor-top-section elementor-element elementor-element-5a36633 elementor-section-boxed elementor-section-height-default elementor-section-height-default\" data-id=\"5a36633\" data-element_type=\"section\">\n\t\t\t\t\t\t<div class=\"elementor-container elementor-column-gap-default\">\n\t\t\t\t\t<div class=\"elementor-column elementor-col-100 elementor-top-column elementor-element elementor-element-4bd3603\" data-id=\"4bd3603\" data-element_type=\"column\">\n\t\t\t<div class=\"elementor-widget-wrap elementor-element-populated\">\n\t\t\t\t\t\t\t\t<div class=\"elementor-element elementor-element-ce15c29 elementor-widget elementor-widget-spacer\" data-id=\"ce15c29\" data-element_type=\"widget\" data-widget_type=\"spacer.default\">\n\t\t\t\t<div class=\"elementor-widget-container\">\n\t\t\t<style>\/*! elementor - v3.17.0 - 08-11-2023 *\/\n.elementor-column .elementor-spacer-inner{height:var(--spacer-size)}.e-con{--container-widget-width:100%}.e-con-inner>.elementor-widget-spacer,.e-con>.elementor-widget-spacer{width:var(--container-widget-width,var(--spacer-size));--align-self:var(--container-widget-align-self,initial);--flex-shrink:0}.e-con-inner>.elementor-widget-spacer>.elementor-widget-container,.e-con>.elementor-widget-spacer>.elementor-widget-container{height:100%;width:100%}.e-con-inner>.elementor-widget-spacer>.elementor-widget-container>.elementor-spacer,.e-con>.elementor-widget-spacer>.elementor-widget-container>.elementor-spacer{height:100%}.e-con-inner>.elementor-widget-spacer>.elementor-widget-container>.elementor-spacer>.elementor-spacer-inner,.e-con>.elementor-widget-spacer>.elementor-widget-container>.elementor-spacer>.elementor-spacer-inner{height:var(--container-widget-height,var(--spacer-size))}.e-con-inner>.elementor-widget-spacer.elementor-widget-empty,.e-con>.elementor-widget-spacer.elementor-widget-empty{position:relative;min-height:22px;min-width:22px}.e-con-inner>.elementor-widget-spacer.elementor-widget-empty .elementor-widget-empty-icon,.e-con>.elementor-widget-spacer.elementor-widget-empty .elementor-widget-empty-icon{position:absolute;top:0;bottom:0;left:0;right:0;margin:auto;padding:0;width:22px;height:22px}<\/style>\t\t<div class=\"elementor-spacer\">\n\t\t\t<div class=\"elementor-spacer-inner\"><\/div>\n\t\t<\/div>\n\t\t\t\t<\/div>\n\t\t\t\t<\/div>\n\t\t\t\t<div class=\"elementor-element elementor-element-e3b90e1 elementor-widget elementor-widget-text-editor\" data-id=\"e3b90e1\" data-element_type=\"widget\" data-widget_type=\"text-editor.default\">\n\t\t\t\t<div class=\"elementor-widget-container\">\n\t\t\t<style>\/*! elementor - v3.17.0 - 08-11-2023 *\/\n.elementor-widget-text-editor.elementor-drop-cap-view-stacked .elementor-drop-cap{background-color:#69727d;color:#fff}.elementor-widget-text-editor.elementor-drop-cap-view-framed .elementor-drop-cap{color:#69727d;border:3px solid;background-color:transparent}.elementor-widget-text-editor:not(.elementor-drop-cap-view-default) .elementor-drop-cap{margin-top:8px}.elementor-widget-text-editor:not(.elementor-drop-cap-view-default) .elementor-drop-cap-letter{width:1em;height:1em}.elementor-widget-text-editor .elementor-drop-cap{float:left;text-align:center;line-height:1;font-size:50px}.elementor-widget-text-editor .elementor-drop-cap-letter{display:inline-block}<\/style>\t\t\t\t<p>Enregistr\u00e9s par Mike Aub\u00e9 en juin 2023 au \u00ab\u00a0Studio B\u00a0\u00bb \u00e0 Gardanne dans le sud de la France, les sept titres de ce premier album refl\u00e8tent la diversit\u00e9 stylistique du groupe. Toutes les compositions sont sign\u00e9es par le pianiste Pascal Versini, except\u00e9e Young Legends compos\u00e9 par Cleveland Donald. Les titres on \u00e9t\u00e9s mix\u00e9s par Mike Aub\u00e9 puis masteris\u00e9s par Fran\u00e7ois Fanelli de Sonics Mastering.<\/p><p>L&rsquo;album est distribu\u00e9 sur toutes les plateformes par Inouie Distribution.<\/p><p>Pour tous renseignements, vous pouvez nous \u00e9crire \u00e0 <a href=\"mailto:manage@musikmars.com\">manage@musikmars.com<\/a><\/p>\t\t\t\t\t\t<\/div>\n\t\t\t\t<\/div>\n\t\t\t\t\t<\/div>\n\t\t<\/div>\n\t\t\t\t\t\t\t<\/div>\n\t\t<\/section>\n\t\t\t\t<section class=\"elementor-section elementor-top-section elementor-element elementor-element-5446bb0 elementor-section-boxed elementor-section-height-default elementor-section-height-default\" data-id=\"5446bb0\" data-element_type=\"section\">\n\t\t\t\t\t\t<div class=\"elementor-container elementor-column-gap-default\">\n\t\t\t\t\t<div class=\"elementor-column elementor-col-100 elementor-top-column elementor-element elementor-element-acd18c1\" data-id=\"acd18c1\" data-element_type=\"column\">\n\t\t\t<div class=\"elementor-widget-wrap elementor-element-populated\">\n\t\t\t\t\t\t\t\t<div class=\"elementor-element elementor-element-1e23832 elementor-widget elementor-widget-heading\" data-id=\"1e23832\" data-element_type=\"widget\" data-widget_type=\"heading.default\">\n\t\t\t\t<div class=\"elementor-widget-container\">\n\t\t\t<style>\/*! elementor - v3.17.0 - 08-11-2023 *\/\n.elementor-heading-title{padding:0;margin:0;line-height:1}.elementor-widget-heading .elementor-heading-title[class*=elementor-size-]>a{color:inherit;font-size:inherit;line-height:inherit}.elementor-widget-heading .elementor-heading-title.elementor-size-small{font-size:15px}.elementor-widget-heading .elementor-heading-title.elementor-size-medium{font-size:19px}.elementor-widget-heading .elementor-heading-title.elementor-size-large{font-size:29px}.elementor-widget-heading .elementor-heading-title.elementor-size-xl{font-size:39px}.elementor-widget-heading .elementor-heading-title.elementor-size-xxl{font-size:59px}<\/style><h2 class=\"elementor-heading-title elementor-size-default\">Sortie le 15 f\u00e9vrier 2024<\/h2>\t\t<\/div>\n\t\t\t\t<\/div>\n\t\t\t\t\t<\/div>\n\t\t<\/div>\n\t\t\t\t\t\t\t<\/div>\n\t\t<\/section>\n\t\t\t\t<section class=\"elementor-section elementor-top-section elementor-element elementor-element-0b193e3 elementor-section-boxed elementor-section-height-default elementor-section-height-default\" data-id=\"0b193e3\" data-element_type=\"section\">\n\t\t\t\t\t\t<div class=\"elementor-container elementor-column-gap-default\">\n\t\t\t\t\t<div class=\"elementor-column elementor-col-33 elementor-top-column elementor-element elementor-element-0def56a\" data-id=\"0def56a\" data-element_type=\"column\">\n\t\t\t<div class=\"elementor-widget-wrap elementor-element-populated\">\n\t\t\t\t\t\t\t\t<div class=\"elementor-element elementor-element-1cdeff3 elementor-widget__width-initial e-transform elementor-widget elementor-widget-image\" data-id=\"1cdeff3\" data-element_type=\"widget\" data-settings=\"{&quot;_transform_rotateZ_effect&quot;:{&quot;unit&quot;:&quot;px&quot;,&quot;size&quot;:-19,&quot;sizes&quot;:[]},&quot;_transform_rotateZ_effect_tablet&quot;:{&quot;unit&quot;:&quot;deg&quot;,&quot;size&quot;:&quot;&quot;,&quot;sizes&quot;:[]},&quot;_transform_rotateZ_effect_mobile&quot;:{&quot;unit&quot;:&quot;deg&quot;,&quot;size&quot;:&quot;&quot;,&quot;sizes&quot;:[]}}\" data-widget_type=\"image.default\">\n\t\t\t\t<div class=\"elementor-widget-container\">\n\t\t\t<style>\/*! elementor - v3.17.0 - 08-11-2023 *\/\n.elementor-widget-image{text-align:center}.elementor-widget-image a{display:inline-block}.elementor-widget-image a img[src$=\".svg\"]{width:48px}.elementor-widget-image img{vertical-align:middle;display:inline-block}<\/style>\t\t\t\t\t\t\t\t\t\t\t\t<img loading=\"lazy\" decoding=\"async\" width=\"1024\" height=\"1024\" src=\"https:\/\/afropeanproject.fr\/wp-content\/uploads\/2024\/02\/AFROPEAN-Pochette-escto-1024x1024.png\" class=\"attachment-large size-large wp-image-733\" alt=\"\" srcset=\"https:\/\/afropeanproject.fr\/wp-content\/uploads\/2024\/02\/AFROPEAN-Pochette-escto-1024x1024.png 1024w, https:\/\/afropeanproject.fr\/wp-content\/uploads\/2024\/02\/AFROPEAN-Pochette-escto-300x300.png 300w, https:\/\/afropeanproject.fr\/wp-content\/uploads\/2024\/02\/AFROPEAN-Pochette-escto-150x150.png 150w, https:\/\/afropeanproject.fr\/wp-content\/uploads\/2024\/02\/AFROPEAN-Pochette-escto-768x768.png 768w, https:\/\/afropeanproject.fr\/wp-content\/uploads\/2024\/02\/AFROPEAN-Pochette-escto.png 1530w\" sizes=\"auto, (max-width: 1024px) 100vw, 1024px\" \/>\t\t\t\t\t\t\t\t\t\t\t\t\t\t\t<\/div>\n\t\t\t\t<\/div>\n\t\t\t\t\t<\/div>\n\t\t<\/div>\n\t\t\t\t<div class=\"elementor-column elementor-col-33 elementor-top-column elementor-element elementor-element-c15a138\" data-id=\"c15a138\" data-element_type=\"column\">\n\t\t\t<div class=\"elementor-widget-wrap elementor-element-populated\">\n\t\t\t\t\t\t\t\t<div class=\"elementor-element elementor-element-e5e9568 elementor-widget__width-initial e-transform e-transform e-transform elementor-widget elementor-widget-image\" data-id=\"e5e9568\" data-element_type=\"widget\" data-settings=\"{&quot;_transform_rotateZ_effect&quot;:{&quot;unit&quot;:&quot;px&quot;,&quot;size&quot;:21,&quot;sizes&quot;:[]},&quot;_transform_rotateZ_effect_hover&quot;:{&quot;unit&quot;:&quot;px&quot;,&quot;size&quot;:0,&quot;sizes&quot;:[]},&quot;_transform_scale_effect_hover&quot;:{&quot;unit&quot;:&quot;px&quot;,&quot;size&quot;:2,&quot;sizes&quot;:[]},&quot;_transform_rotateZ_effect_tablet&quot;:{&quot;unit&quot;:&quot;deg&quot;,&quot;size&quot;:&quot;&quot;,&quot;sizes&quot;:[]},&quot;_transform_rotateZ_effect_mobile&quot;:{&quot;unit&quot;:&quot;deg&quot;,&quot;size&quot;:&quot;&quot;,&quot;sizes&quot;:[]},&quot;_transform_rotateZ_effect_hover_tablet&quot;:{&quot;unit&quot;:&quot;deg&quot;,&quot;size&quot;:&quot;&quot;,&quot;sizes&quot;:[]},&quot;_transform_rotateZ_effect_hover_mobile&quot;:{&quot;unit&quot;:&quot;deg&quot;,&quot;size&quot;:&quot;&quot;,&quot;sizes&quot;:[]},&quot;_transform_scale_effect_hover_tablet&quot;:{&quot;unit&quot;:&quot;px&quot;,&quot;size&quot;:&quot;&quot;,&quot;sizes&quot;:[]},&quot;_transform_scale_effect_hover_mobile&quot;:{&quot;unit&quot;:&quot;px&quot;,&quot;size&quot;:&quot;&quot;,&quot;sizes&quot;:[]}}\" data-widget_type=\"image.default\">\n\t\t\t\t<div class=\"elementor-widget-container\">\n\t\t\t\t\t\t\t\t\t\t\t\t\t\t\t<img loading=\"lazy\" decoding=\"async\" width=\"1024\" height=\"1024\" src=\"https:\/\/afropeanproject.fr\/wp-content\/uploads\/2024\/02\/AFROPEAN-Pochette-verso-1024x1024.png\" class=\"attachment-large size-large wp-image-734\" alt=\"\" srcset=\"https:\/\/afropeanproject.fr\/wp-content\/uploads\/2024\/02\/AFROPEAN-Pochette-verso-1024x1024.png 1024w, https:\/\/afropeanproject.fr\/wp-content\/uploads\/2024\/02\/AFROPEAN-Pochette-verso-300x300.png 300w, https:\/\/afropeanproject.fr\/wp-content\/uploads\/2024\/02\/AFROPEAN-Pochette-verso-150x150.png 150w, https:\/\/afropeanproject.fr\/wp-content\/uploads\/2024\/02\/AFROPEAN-Pochette-verso-768x768.png 768w, https:\/\/afropeanproject.fr\/wp-content\/uploads\/2024\/02\/AFROPEAN-Pochette-verso.png 1533w\" sizes=\"auto, (max-width: 1024px) 100vw, 1024px\" \/>\t\t\t\t\t\t\t\t\t\t\t\t\t\t\t<\/div>\n\t\t\t\t<\/div>\n\t\t\t\t\t<\/div>\n\t\t<\/div>\n\t\t\t\t<div class=\"elementor-column elementor-col-33 elementor-top-column elementor-element elementor-element-45bb481\" data-id=\"45bb481\" data-element_type=\"column\">\n\t\t\t<div class=\"elementor-widget-wrap elementor-element-populated\">\n\t\t\t\t\t\t\t\t<div class=\"elementor-element elementor-element-03ee331 elementor-align-center elementor-widget elementor-widget-button\" data-id=\"03ee331\" data-element_type=\"widget\" data-widget_type=\"button.default\">\n\t\t\t\t<div class=\"elementor-widget-container\">\n\t\t\t\t\t<div class=\"elementor-button-wrapper\">\n\t\t\t<a class=\"elementor-button elementor-button-link elementor-size-md\" href=\"https:\/\/bfan.link\/afropean\" target=\"_blank\">\n\t\t\t\t\t\t<span class=\"elementor-button-content-wrapper\">\n\t\t\t\t\t\t<span class=\"elementor-button-text\">Distribution num\u00e9rique<\/span>\n\t\t<\/span>\n\t\t\t\t\t<\/a>\n\t\t<\/div>\n\t\t\t\t<\/div>\n\t\t\t\t<\/div>\n\t\t\t\t\t<\/div>\n\t\t<\/div>\n\t\t\t\t\t\t\t<\/div>\n\t\t<\/section>\n\t\t\t\t<section class=\"elementor-section elementor-top-section elementor-element elementor-element-9568e51 elementor-section-boxed elementor-section-height-default elementor-section-height-default\" data-id=\"9568e51\" data-element_type=\"section\">\n\t\t\t\t\t\t<div class=\"elementor-container elementor-column-gap-default\">\n\t\t\t\t\t<div class=\"elementor-column elementor-col-100 elementor-top-column elementor-element elementor-element-1cb0963\" data-id=\"1cb0963\" data-element_type=\"column\">\n\t\t\t<div class=\"elementor-widget-wrap elementor-element-populated\">\n\t\t\t\t\t\t\t\t<div class=\"elementor-element elementor-element-1babc73 elementor-widget elementor-widget-spacer\" data-id=\"1babc73\" data-element_type=\"widget\" data-widget_type=\"spacer.default\">\n\t\t\t\t<div class=\"elementor-widget-container\">\n\t\t\t\t\t<div class=\"elementor-spacer\">\n\t\t\t<div class=\"elementor-spacer-inner\"><\/div>\n\t\t<\/div>\n\t\t\t\t<\/div>\n\t\t\t\t<\/div>\n\t\t\t\t\t<\/div>\n\t\t<\/div>\n\t\t\t\t\t\t\t<\/div>\n\t\t<\/section>\n\t\t\t\t\t\t\t<\/div>\n\t\t","protected":false},"excerpt":{"rendered":"<p>Enregistr\u00e9s par Mike Aub\u00e9 en juin 2023 au \u00ab\u00a0Studio B\u00a0\u00bb \u00e0 Gardanne dans le sud de la France, les sept titres de ce premier album refl\u00e8tent la diversit\u00e9 stylistique du groupe. Toutes les compositions sont sign\u00e9es par le pianiste Pascal Versini, except\u00e9e Young Legends compos\u00e9 par Cleveland Donald. Les titres on \u00e9t\u00e9s mix\u00e9s par Mike &hellip;<\/p>\n<p class=\"read-more\"> <a class=\"\" href=\"https:\/\/afropeanproject.fr\/index.php\/album\/\"> <span class=\"screen-reader-text\">Album<\/span> Lire la suite\u00a0\u00bb<\/a><\/p>\n","protected":false},"author":1,"featured_media":0,"parent":0,"menu_order":0,"comment_status":"closed","ping_status":"closed","template":"","meta":{"site-sidebar-layout":"no-sidebar","site-content-layout":"page-builder","ast-global-header-display":"","ast-main-header-display":"","ast-hfb-above-header-display":"","ast-hfb-below-header-display":"","ast-hfb-mobile-header-display":"","site-post-title":"disabled","ast-breadcrumbs-content":"","ast-featured-img":"disabled","footer-sml-layout":"","theme-transparent-header-meta":"","adv-header-id-meta":"","stick-header-meta":"","header-above-stick-meta":"","header-main-stick-meta":"","header-below-stick-meta":"","footnotes":""},"class_list":["post-695","page","type-page","status-publish","hentry"],"yoast_head":"<!-- This site is optimized with the Yoast SEO plugin v21.5 - https:\/\/yoast.com\/wordpress\/plugins\/seo\/ -->\n<title>Album - AFROPEAN PROJECT<\/title>\n<meta name=\"robots\" content=\"index, follow, max-snippet:-1, max-image-preview:large, max-video-preview:-1\" \/>\n<link rel=\"canonical\" href=\"https:\/\/afropeanproject.fr\/index.php\/album\/\" \/>\n<meta property=\"og:locale\" content=\"fr_FR\" \/>\n<meta property=\"og:type\" content=\"article\" \/>\n<meta property=\"og:title\" content=\"Album - AFROPEAN PROJECT\" \/>\n<meta property=\"og:description\" content=\"Enregistr\u00e9s par Mike Aub\u00e9 en juin 2023 au \u00ab\u00a0Studio B\u00a0\u00bb \u00e0 Gardanne dans le sud de la France, les sept titres de ce premier album refl\u00e8tent la diversit\u00e9 stylistique du groupe. Toutes les compositions sont sign\u00e9es par le pianiste Pascal Versini, except\u00e9e Young Legends compos\u00e9 par Cleveland Donald. Les titres on \u00e9t\u00e9s mix\u00e9s par Mike &hellip; Album Lire la suite\u00a0\u00bb\" \/>\n<meta property=\"og:url\" content=\"https:\/\/afropeanproject.fr\/index.php\/album\/\" \/>\n<meta property=\"og:site_name\" content=\"AFROPEAN PROJECT\" \/>\n<meta property=\"article:publisher\" content=\"https:\/\/www.facebook.com\/metafropeanproject\" \/>\n<meta property=\"article:modified_time\" content=\"2025-11-16T22:21:37+00:00\" \/>\n<meta property=\"og:image\" content=\"http:\/\/afropeanproject.fr\/wp-content\/uploads\/2024\/02\/AFROPEAN-Pochette-escto-1024x1024.png\" \/>\n<meta name=\"twitter:card\" content=\"summary_large_image\" \/>\n<meta name=\"twitter:label1\" content=\"Dur\u00e9e de lecture estim\u00e9e\" \/>\n\t<meta name=\"twitter:data1\" content=\"1 minute\" \/>\n<script type=\"application\/ld+json\" class=\"yoast-schema-graph\">{\"@context\":\"https:\/\/schema.org\",\"@graph\":[{\"@type\":\"WebPage\",\"@id\":\"https:\/\/afropeanproject.fr\/index.php\/album\/\",\"url\":\"https:\/\/afropeanproject.fr\/index.php\/album\/\",\"name\":\"Album - AFROPEAN PROJECT\",\"isPartOf\":{\"@id\":\"https:\/\/afropeanproject.fr\/#website\"},\"datePublished\":\"2024-02-04T08:44:27+00:00\",\"dateModified\":\"2025-11-16T22:21:37+00:00\",\"breadcrumb\":{\"@id\":\"https:\/\/afropeanproject.fr\/index.php\/album\/#breadcrumb\"},\"inLanguage\":\"fr-FR\",\"potentialAction\":[{\"@type\":\"ReadAction\",\"target\":[\"https:\/\/afropeanproject.fr\/index.php\/album\/\"]}]},{\"@type\":\"BreadcrumbList\",\"@id\":\"https:\/\/afropeanproject.fr\/index.php\/album\/#breadcrumb\",\"itemListElement\":[{\"@type\":\"ListItem\",\"position\":1,\"name\":\"Accueil\",\"item\":\"https:\/\/afropeanproject.fr\/\"},{\"@type\":\"ListItem\",\"position\":2,\"name\":\"Album\"}]},{\"@type\":\"WebSite\",\"@id\":\"https:\/\/afropeanproject.fr\/#website\",\"url\":\"https:\/\/afropeanproject.fr\/\",\"name\":\"AFROPEAN PROJECT\",\"description\":\"\",\"publisher\":{\"@id\":\"https:\/\/afropeanproject.fr\/#organization\"},\"potentialAction\":[{\"@type\":\"SearchAction\",\"target\":{\"@type\":\"EntryPoint\",\"urlTemplate\":\"https:\/\/afropeanproject.fr\/?s={search_term_string}\"},\"query-input\":\"required name=search_term_string\"}],\"inLanguage\":\"fr-FR\"},{\"@type\":\"Organization\",\"@id\":\"https:\/\/afropeanproject.fr\/#organization\",\"name\":\"afropean project\",\"url\":\"https:\/\/afropeanproject.fr\/\",\"logo\":{\"@type\":\"ImageObject\",\"inLanguage\":\"fr-FR\",\"@id\":\"https:\/\/afropeanproject.fr\/#\/schema\/logo\/image\/\",\"url\":\"http:\/\/afropeanproject.fr\/wp-content\/uploads\/2023\/03\/justafropean.png\",\"contentUrl\":\"http:\/\/afropeanproject.fr\/wp-content\/uploads\/2023\/03\/justafropean.png\",\"width\":300,\"height\":300,\"caption\":\"afropean project\"},\"image\":{\"@id\":\"https:\/\/afropeanproject.fr\/#\/schema\/logo\/image\/\"},\"sameAs\":[\"https:\/\/www.facebook.com\/metafropeanproject\",\"https:\/\/instagram.com\/afropean_project?igshid=YmMyMTA2M2Y\"]}]}<\/script>\n<!-- \/ Yoast SEO plugin. -->","yoast_head_json":{"title":"Album - AFROPEAN PROJECT","robots":{"index":"index","follow":"follow","max-snippet":"max-snippet:-1","max-image-preview":"max-image-preview:large","max-video-preview":"max-video-preview:-1"},"canonical":"https:\/\/afropeanproject.fr\/index.php\/album\/","og_locale":"fr_FR","og_type":"article","og_title":"Album - AFROPEAN PROJECT","og_description":"Enregistr\u00e9s par Mike Aub\u00e9 en juin 2023 au \u00ab\u00a0Studio B\u00a0\u00bb \u00e0 Gardanne dans le sud de la France, les sept titres de ce premier album refl\u00e8tent la diversit\u00e9 stylistique du groupe. Toutes les compositions sont sign\u00e9es par le pianiste Pascal Versini, except\u00e9e Young Legends compos\u00e9 par Cleveland Donald. Les titres on \u00e9t\u00e9s mix\u00e9s par Mike &hellip; Album Lire la suite\u00a0\u00bb","og_url":"https:\/\/afropeanproject.fr\/index.php\/album\/","og_site_name":"AFROPEAN PROJECT","article_publisher":"https:\/\/www.facebook.com\/metafropeanproject","article_modified_time":"2025-11-16T22:21:37+00:00","og_image":[{"url":"http:\/\/afropeanproject.fr\/wp-content\/uploads\/2024\/02\/AFROPEAN-Pochette-escto-1024x1024.png"}],"twitter_card":"summary_large_image","twitter_misc":{"Dur\u00e9e de lecture estim\u00e9e":"1 minute"},"schema":{"@context":"https:\/\/schema.org","@graph":[{"@type":"WebPage","@id":"https:\/\/afropeanproject.fr\/index.php\/album\/","url":"https:\/\/afropeanproject.fr\/index.php\/album\/","name":"Album - AFROPEAN PROJECT","isPartOf":{"@id":"https:\/\/afropeanproject.fr\/#website"},"datePublished":"2024-02-04T08:44:27+00:00","dateModified":"2025-11-16T22:21:37+00:00","breadcrumb":{"@id":"https:\/\/afropeanproject.fr\/index.php\/album\/#breadcrumb"},"inLanguage":"fr-FR","potentialAction":[{"@type":"ReadAction","target":["https:\/\/afropeanproject.fr\/index.php\/album\/"]}]},{"@type":"BreadcrumbList","@id":"https:\/\/afropeanproject.fr\/index.php\/album\/#breadcrumb","itemListElement":[{"@type":"ListItem","position":1,"name":"Accueil","item":"https:\/\/afropeanproject.fr\/"},{"@type":"ListItem","position":2,"name":"Album"}]},{"@type":"WebSite","@id":"https:\/\/afropeanproject.fr\/#website","url":"https:\/\/afropeanproject.fr\/","name":"AFROPEAN PROJECT","description":"","publisher":{"@id":"https:\/\/afropeanproject.fr\/#organization"},"potentialAction":[{"@type":"SearchAction","target":{"@type":"EntryPoint","urlTemplate":"https:\/\/afropeanproject.fr\/?s={search_term_string}"},"query-input":"required name=search_term_string"}],"inLanguage":"fr-FR"},{"@type":"Organization","@id":"https:\/\/afropeanproject.fr\/#organization","name":"afropean project","url":"https:\/\/afropeanproject.fr\/","logo":{"@type":"ImageObject","inLanguage":"fr-FR","@id":"https:\/\/afropeanproject.fr\/#\/schema\/logo\/image\/","url":"http:\/\/afropeanproject.fr\/wp-content\/uploads\/2023\/03\/justafropean.png","contentUrl":"http:\/\/afropeanproject.fr\/wp-content\/uploads\/2023\/03\/justafropean.png","width":300,"height":300,"caption":"afropean project"},"image":{"@id":"https:\/\/afropeanproject.fr\/#\/schema\/logo\/image\/"},"sameAs":["https:\/\/www.facebook.com\/metafropeanproject","https:\/\/instagram.com\/afropean_project?igshid=YmMyMTA2M2Y"]}]}},"_links":{"self":[{"href":"https:\/\/afropeanproject.fr\/index.php\/wp-json\/wp\/v2\/pages\/695","targetHints":{"allow":["GET"]}}],"collection":[{"href":"https:\/\/afropeanproject.fr\/index.php\/wp-json\/wp\/v2\/pages"}],"about":[{"href":"https:\/\/afropeanproject.fr\/index.php\/wp-json\/wp\/v2\/types\/page"}],"author":[{"embeddable":true,"href":"https:\/\/afropeanproject.fr\/index.php\/wp-json\/wp\/v2\/users\/1"}],"replies":[{"embeddable":true,"href":"https:\/\/afropeanproject.fr\/index.php\/wp-json\/wp\/v2\/comments?post=695"}],"version-history":[{"count":53,"href":"https:\/\/afropeanproject.fr\/index.php\/wp-json\/wp\/v2\/pages\/695\/revisions"}],"predecessor-version":[{"id":801,"href":"https:\/\/afropeanproject.fr\/index.php\/wp-json\/wp\/v2\/pages\/695\/revisions\/801"}],"wp:attachment":[{"href":"https:\/\/afropeanproject.fr\/index.php\/wp-json\/wp\/v2\/media?parent=695"}],"curies":[{"name":"wp","href":"https:\/\/api.w.org\/{rel}","templated":true}]}}