{"id":218,"date":"2023-01-29T00:29:40","date_gmt":"2023-01-28T23:29:40","guid":{"rendered":"http:\/\/afropeanproject.fr\/?page_id=218"},"modified":"2023-03-08T11:41:22","modified_gmt":"2023-03-08T10:41:22","slug":"videos","status":"publish","type":"page","link":"https:\/\/afropeanproject.fr\/index.php\/videos\/","title":{"rendered":"Vid\u00e9os"},"content":{"rendered":"\t\t<div data-elementor-type=\"wp-page\" data-elementor-id=\"218\" class=\"elementor elementor-218\">\n\t\t\t\t\t\t\t\t\t<section class=\"elementor-section elementor-top-section elementor-element elementor-element-c50c6a8 elementor-section-boxed elementor-section-height-default elementor-section-height-default\" data-id=\"c50c6a8\" data-element_type=\"section\">\n\t\t\t\t\t\t<div class=\"elementor-container elementor-column-gap-default\">\n\t\t\t\t\t<div class=\"elementor-column elementor-col-100 elementor-top-column elementor-element elementor-element-4afb820\" data-id=\"4afb820\" data-element_type=\"column\">\n\t\t\t<div class=\"elementor-widget-wrap elementor-element-populated\">\n\t\t\t\t\t\t\t\t<div class=\"elementor-element elementor-element-8ccdb2d elementor-widget elementor-widget-spacer\" data-id=\"8ccdb2d\" data-element_type=\"widget\" data-widget_type=\"spacer.default\">\n\t\t\t\t<div class=\"elementor-widget-container\">\n\t\t\t<style>\/*! elementor - v3.17.0 - 08-11-2023 *\/\n.elementor-column .elementor-spacer-inner{height:var(--spacer-size)}.e-con{--container-widget-width:100%}.e-con-inner>.elementor-widget-spacer,.e-con>.elementor-widget-spacer{width:var(--container-widget-width,var(--spacer-size));--align-self:var(--container-widget-align-self,initial);--flex-shrink:0}.e-con-inner>.elementor-widget-spacer>.elementor-widget-container,.e-con>.elementor-widget-spacer>.elementor-widget-container{height:100%;width:100%}.e-con-inner>.elementor-widget-spacer>.elementor-widget-container>.elementor-spacer,.e-con>.elementor-widget-spacer>.elementor-widget-container>.elementor-spacer{height:100%}.e-con-inner>.elementor-widget-spacer>.elementor-widget-container>.elementor-spacer>.elementor-spacer-inner,.e-con>.elementor-widget-spacer>.elementor-widget-container>.elementor-spacer>.elementor-spacer-inner{height:var(--container-widget-height,var(--spacer-size))}.e-con-inner>.elementor-widget-spacer.elementor-widget-empty,.e-con>.elementor-widget-spacer.elementor-widget-empty{position:relative;min-height:22px;min-width:22px}.e-con-inner>.elementor-widget-spacer.elementor-widget-empty .elementor-widget-empty-icon,.e-con>.elementor-widget-spacer.elementor-widget-empty .elementor-widget-empty-icon{position:absolute;top:0;bottom:0;left:0;right:0;margin:auto;padding:0;width:22px;height:22px}<\/style>\t\t<div class=\"elementor-spacer\">\n\t\t\t<div class=\"elementor-spacer-inner\"><\/div>\n\t\t<\/div>\n\t\t\t\t<\/div>\n\t\t\t\t<\/div>\n\t\t\t\t\t<\/div>\n\t\t<\/div>\n\t\t\t\t\t\t\t<\/div>\n\t\t<\/section>\n\t\t\t\t<section class=\"elementor-section elementor-top-section elementor-element elementor-element-8261efc elementor-section-boxed elementor-section-height-default elementor-section-height-default\" data-id=\"8261efc\" data-element_type=\"section\" data-settings=\"{&quot;background_background&quot;:&quot;classic&quot;}\">\n\t\t\t\t\t\t<div class=\"elementor-container elementor-column-gap-default\">\n\t\t\t\t\t<div class=\"elementor-column elementor-col-50 elementor-top-column elementor-element elementor-element-d099282\" data-id=\"d099282\" data-element_type=\"column\" data-settings=\"{&quot;background_background&quot;:&quot;classic&quot;}\">\n\t\t\t<div class=\"elementor-widget-wrap elementor-element-populated\">\n\t\t\t\t\t\t\t\t<div class=\"elementor-element elementor-element-7f6bcfb elementor-widget elementor-widget-video\" data-id=\"7f6bcfb\" data-element_type=\"widget\" data-settings=\"{&quot;youtube_url&quot;:&quot;https:\\\/\\\/youtu.be\\\/pwIc3un4Xus&quot;,&quot;video_type&quot;:&quot;youtube&quot;,&quot;controls&quot;:&quot;yes&quot;}\" data-widget_type=\"video.default\">\n\t\t\t\t<div class=\"elementor-widget-container\">\n\t\t\t<style>\/*! elementor - v3.17.0 - 08-11-2023 *\/\n.elementor-widget-video .elementor-widget-container{overflow:hidden;transform:translateZ(0)}.elementor-widget-video .elementor-wrapper{aspect-ratio:var(--video-aspect-ratio)}.elementor-widget-video .elementor-wrapper iframe,.elementor-widget-video .elementor-wrapper video{height:100%;width:100%;display:flex;border:none;background-color:#000}@supports not (aspect-ratio:1\/1){.elementor-widget-video .elementor-wrapper{position:relative;overflow:hidden;height:0;padding-bottom:calc(100% \/ var(--video-aspect-ratio))}.elementor-widget-video .elementor-wrapper iframe,.elementor-widget-video .elementor-wrapper video{position:absolute;top:0;right:0;bottom:0;left:0}}.elementor-widget-video .elementor-open-inline .elementor-custom-embed-image-overlay{position:absolute;top:0;right:0;bottom:0;left:0;background-size:cover;background-position:50%}.elementor-widget-video .elementor-custom-embed-image-overlay{cursor:pointer;text-align:center}.elementor-widget-video .elementor-custom-embed-image-overlay:hover .elementor-custom-embed-play i{opacity:1}.elementor-widget-video .elementor-custom-embed-image-overlay img{display:block;width:100%;aspect-ratio:var(--video-aspect-ratio);-o-object-fit:cover;object-fit:cover;-o-object-position:center center;object-position:center center}@supports not (aspect-ratio:1\/1){.elementor-widget-video .elementor-custom-embed-image-overlay{position:relative;overflow:hidden;height:0;padding-bottom:calc(100% \/ var(--video-aspect-ratio))}.elementor-widget-video .elementor-custom-embed-image-overlay img{position:absolute;top:0;right:0;bottom:0;left:0}}.elementor-widget-video .e-hosted-video .elementor-video{-o-object-fit:cover;object-fit:cover}.e-con-inner>.elementor-widget-video,.e-con>.elementor-widget-video{width:var(--container-widget-width);--flex-grow:var(--container-widget-flex-grow)}<\/style>\t\t<div class=\"elementor-wrapper elementor-open-inline\">\n\t\t\t<div class=\"elementor-video\"><\/div>\t\t<\/div>\n\t\t\t\t<\/div>\n\t\t\t\t<\/div>\n\t\t\t\t\t<\/div>\n\t\t<\/div>\n\t\t\t\t<div class=\"elementor-column elementor-col-50 elementor-top-column elementor-element elementor-element-637efa5\" data-id=\"637efa5\" data-element_type=\"column\" data-settings=\"{&quot;background_background&quot;:&quot;classic&quot;}\">\n\t\t\t<div class=\"elementor-widget-wrap elementor-element-populated\">\n\t\t\t\t\t\t\t\t<div class=\"elementor-element elementor-element-3619608 elementor-widget elementor-widget-heading\" data-id=\"3619608\" data-element_type=\"widget\" data-widget_type=\"heading.default\">\n\t\t\t\t<div class=\"elementor-widget-container\">\n\t\t\t<style>\/*! elementor - v3.17.0 - 08-11-2023 *\/\n.elementor-heading-title{padding:0;margin:0;line-height:1}.elementor-widget-heading .elementor-heading-title[class*=elementor-size-]>a{color:inherit;font-size:inherit;line-height:inherit}.elementor-widget-heading .elementor-heading-title.elementor-size-small{font-size:15px}.elementor-widget-heading .elementor-heading-title.elementor-size-medium{font-size:19px}.elementor-widget-heading .elementor-heading-title.elementor-size-large{font-size:29px}.elementor-widget-heading .elementor-heading-title.elementor-size-xl{font-size:39px}.elementor-widget-heading .elementor-heading-title.elementor-size-xxl{font-size:59px}<\/style><h2 class=\"elementor-heading-title elementor-size-default\">4k Ultra HD<\/h2>\t\t<\/div>\n\t\t\t\t<\/div>\n\t\t\t\t<div class=\"elementor-element elementor-element-07b5c7c elementor-widget elementor-widget-heading\" data-id=\"07b5c7c\" data-element_type=\"widget\" data-widget_type=\"heading.default\">\n\t\t\t\t<div class=\"elementor-widget-container\">\n\t\t\t<h2 class=\"elementor-heading-title elementor-size-default\">2022<\/h2>\t\t<\/div>\n\t\t\t\t<\/div>\n\t\t\t\t<div class=\"elementor-element elementor-element-84390a9 elementor-widget elementor-widget-text-editor\" data-id=\"84390a9\" data-element_type=\"widget\" data-widget_type=\"text-editor.default\">\n\t\t\t\t<div class=\"elementor-widget-container\">\n\t\t\t<style>\/*! elementor - v3.17.0 - 08-11-2023 *\/\n.elementor-widget-text-editor.elementor-drop-cap-view-stacked .elementor-drop-cap{background-color:#69727d;color:#fff}.elementor-widget-text-editor.elementor-drop-cap-view-framed .elementor-drop-cap{color:#69727d;border:3px solid;background-color:transparent}.elementor-widget-text-editor:not(.elementor-drop-cap-view-default) .elementor-drop-cap{margin-top:8px}.elementor-widget-text-editor:not(.elementor-drop-cap-view-default) .elementor-drop-cap-letter{width:1em;height:1em}.elementor-widget-text-editor .elementor-drop-cap{float:left;text-align:center;line-height:1;font-size:50px}.elementor-widget-text-editor .elementor-drop-cap-letter{display:inline-block}<\/style>\t\t\t\t<p>Vid\u00e9o tourn\u00e9e en D\u00e9cembre 2022 \u00e0 l&rsquo;Atelier d&rsquo;Arsud.\u00a0<\/p><p>Line Up : Pascal Versini (piano) Cleveland Donald (Trompette et Vocal) Jessy Rakotomanga (Batterie) Willy Quiko (Contrebasse).<\/p>\t\t\t\t\t\t<\/div>\n\t\t\t\t<\/div>\n\t\t\t\t<div class=\"elementor-element elementor-element-cd22b18 elementor-widget elementor-widget-image\" data-id=\"cd22b18\" data-element_type=\"widget\" data-widget_type=\"image.default\">\n\t\t\t\t<div class=\"elementor-widget-container\">\n\t\t\t<style>\/*! elementor - v3.17.0 - 08-11-2023 *\/\n.elementor-widget-image{text-align:center}.elementor-widget-image a{display:inline-block}.elementor-widget-image a img[src$=\".svg\"]{width:48px}.elementor-widget-image img{vertical-align:middle;display:inline-block}<\/style>\t\t\t\t\t\t\t\t\t\t\t\t<img loading=\"lazy\" decoding=\"async\" width=\"1024\" height=\"265\" src=\"https:\/\/afropeanproject.fr\/wp-content\/uploads\/2023\/03\/labo2bandeaudegra-1024x265.png\" class=\"attachment-large size-large wp-image-617\" alt=\"\" srcset=\"https:\/\/afropeanproject.fr\/wp-content\/uploads\/2023\/03\/labo2bandeaudegra-1024x265.png 1024w, https:\/\/afropeanproject.fr\/wp-content\/uploads\/2023\/03\/labo2bandeaudegra-300x78.png 300w, https:\/\/afropeanproject.fr\/wp-content\/uploads\/2023\/03\/labo2bandeaudegra-768x199.png 768w, https:\/\/afropeanproject.fr\/wp-content\/uploads\/2023\/03\/labo2bandeaudegra-1536x398.png 1536w, https:\/\/afropeanproject.fr\/wp-content\/uploads\/2023\/03\/labo2bandeaudegra-2048x530.png 2048w\" sizes=\"auto, (max-width: 1024px) 100vw, 1024px\" \/>\t\t\t\t\t\t\t\t\t\t\t\t\t\t\t<\/div>\n\t\t\t\t<\/div>\n\t\t\t\t\t<\/div>\n\t\t<\/div>\n\t\t\t\t\t\t\t<\/div>\n\t\t<\/section>\n\t\t\t\t<section class=\"elementor-section elementor-top-section elementor-element elementor-element-941f870 elementor-section-boxed elementor-section-height-default elementor-section-height-default\" data-id=\"941f870\" data-element_type=\"section\" data-settings=\"{&quot;background_background&quot;:&quot;classic&quot;}\">\n\t\t\t\t\t\t<div class=\"elementor-container elementor-column-gap-default\">\n\t\t\t\t\t<div class=\"elementor-column elementor-col-50 elementor-top-column elementor-element elementor-element-aeefae8\" data-id=\"aeefae8\" data-element_type=\"column\">\n\t\t\t<div class=\"elementor-widget-wrap elementor-element-populated\">\n\t\t\t\t\t\t\t\t<div class=\"elementor-element elementor-element-bc522d9 elementor-widget elementor-widget-heading\" data-id=\"bc522d9\" data-element_type=\"widget\" data-widget_type=\"heading.default\">\n\t\t\t\t<div class=\"elementor-widget-container\">\n\t\t\t<h2 class=\"elementor-heading-title elementor-size-default\">2021<\/h2>\t\t<\/div>\n\t\t\t\t<\/div>\n\t\t\t\t<div class=\"elementor-element elementor-element-05e59a9 elementor-widget elementor-widget-text-editor\" data-id=\"05e59a9\" data-element_type=\"widget\" data-widget_type=\"text-editor.default\">\n\t\t\t\t<div class=\"elementor-widget-container\">\n\t\t\t\t\t\t\t<p>Vid\u00e9o tourn\u00e9e en juin 2021 au Denger Studio \u00e0 Marseille. Line Up : Pascal Versini (piano) Cleveland Donald (trompette) Manu Falla (Contrebasse) Joza Christi Orisha (Batterie). Prise de son et mixage Mike Aub\u00e9. R\u00e9alisation SYLAB.<\/p>\t\t\t\t\t\t<\/div>\n\t\t\t\t<\/div>\n\t\t\t\t\t<\/div>\n\t\t<\/div>\n\t\t\t\t<div class=\"elementor-column elementor-col-50 elementor-top-column elementor-element elementor-element-56bed56\" data-id=\"56bed56\" data-element_type=\"column\">\n\t\t\t<div class=\"elementor-widget-wrap elementor-element-populated\">\n\t\t\t\t\t\t\t\t<div class=\"elementor-element elementor-element-b1c39dc elementor-widget elementor-widget-spacer\" data-id=\"b1c39dc\" data-element_type=\"widget\" data-widget_type=\"spacer.default\">\n\t\t\t\t<div class=\"elementor-widget-container\">\n\t\t\t\t\t<div class=\"elementor-spacer\">\n\t\t\t<div class=\"elementor-spacer-inner\"><\/div>\n\t\t<\/div>\n\t\t\t\t<\/div>\n\t\t\t\t<\/div>\n\t\t\t\t<div class=\"elementor-element elementor-element-bafe471 elementor-widget elementor-widget-video\" data-id=\"bafe471\" data-element_type=\"widget\" data-settings=\"{&quot;youtube_url&quot;:&quot;https:\\\/\\\/youtu.be\\\/nOig197fsN0&quot;,&quot;video_type&quot;:&quot;youtube&quot;,&quot;controls&quot;:&quot;yes&quot;}\" data-widget_type=\"video.default\">\n\t\t\t\t<div class=\"elementor-widget-container\">\n\t\t\t\t\t<div class=\"elementor-wrapper elementor-open-inline\">\n\t\t\t<div class=\"elementor-video\"><\/div>\t\t<\/div>\n\t\t\t\t<\/div>\n\t\t\t\t<\/div>\n\t\t\t\t\t<\/div>\n\t\t<\/div>\n\t\t\t\t\t\t\t<\/div>\n\t\t<\/section>\n\t\t\t\t<section class=\"elementor-section elementor-top-section elementor-element elementor-element-84bad12 elementor-section-boxed elementor-section-height-default elementor-section-height-default\" data-id=\"84bad12\" data-element_type=\"section\">\n\t\t\t\t\t\t<div class=\"elementor-container elementor-column-gap-default\">\n\t\t\t\t\t<div class=\"elementor-column elementor-col-100 elementor-top-column elementor-element elementor-element-f450099\" data-id=\"f450099\" data-element_type=\"column\">\n\t\t\t<div class=\"elementor-widget-wrap elementor-element-populated\">\n\t\t\t\t\t\t\t\t<div class=\"elementor-element elementor-element-d8fc8a8 elementor-widget elementor-widget-spacer\" data-id=\"d8fc8a8\" data-element_type=\"widget\" data-widget_type=\"spacer.default\">\n\t\t\t\t<div class=\"elementor-widget-container\">\n\t\t\t\t\t<div class=\"elementor-spacer\">\n\t\t\t<div class=\"elementor-spacer-inner\"><\/div>\n\t\t<\/div>\n\t\t\t\t<\/div>\n\t\t\t\t<\/div>\n\t\t\t\t\t<\/div>\n\t\t<\/div>\n\t\t\t\t\t\t\t<\/div>\n\t\t<\/section>\n\t\t\t\t\t\t\t<\/div>\n\t\t","protected":false},"excerpt":{"rendered":"<p>4k Ultra HD 2022 Vid\u00e9o tourn\u00e9e en D\u00e9cembre 2022 \u00e0 l&rsquo;Atelier d&rsquo;Arsud.\u00a0 Line Up : Pascal Versini (piano) Cleveland Donald (Trompette et Vocal) Jessy Rakotomanga (Batterie) Willy Quiko (Contrebasse). 2021 Vid\u00e9o tourn\u00e9e en juin 2021 au Denger Studio \u00e0 Marseille. Line Up : Pascal Versini (piano) Cleveland Donald (trompette) Manu Falla (Contrebasse) Joza Christi Orisha &hellip;<\/p>\n<p class=\"read-more\"> <a class=\"\" href=\"https:\/\/afropeanproject.fr\/index.php\/videos\/\"> <span class=\"screen-reader-text\">Vid\u00e9os<\/span> Lire la suite\u00a0\u00bb<\/a><\/p>\n","protected":false},"author":1,"featured_media":0,"parent":0,"menu_order":0,"comment_status":"closed","ping_status":"closed","template":"","meta":{"site-sidebar-layout":"no-sidebar","site-content-layout":"page-builder","ast-global-header-display":"","ast-main-header-display":"","ast-hfb-above-header-display":"","ast-hfb-below-header-display":"","ast-hfb-mobile-header-display":"","site-post-title":"disabled","ast-breadcrumbs-content":"","ast-featured-img":"disabled","footer-sml-layout":"","theme-transparent-header-meta":"","adv-header-id-meta":"","stick-header-meta":"","header-above-stick-meta":"","header-main-stick-meta":"","header-below-stick-meta":"","footnotes":""},"class_list":["post-218","page","type-page","status-publish","hentry"],"yoast_head":"<!-- This site is optimized with the Yoast SEO plugin v21.5 - https:\/\/yoast.com\/wordpress\/plugins\/seo\/ -->\n<title>Vid\u00e9os - AFROPEAN PROJECT<\/title>\n<meta name=\"robots\" content=\"index, follow, max-snippet:-1, max-image-preview:large, max-video-preview:-1\" \/>\n<link rel=\"canonical\" href=\"https:\/\/afropeanproject.fr\/index.php\/videos\/\" \/>\n<meta property=\"og:locale\" content=\"fr_FR\" \/>\n<meta property=\"og:type\" content=\"article\" \/>\n<meta property=\"og:title\" content=\"Vid\u00e9os - AFROPEAN PROJECT\" \/>\n<meta property=\"og:description\" content=\"4k Ultra HD 2022 Vid\u00e9o tourn\u00e9e en D\u00e9cembre 2022 \u00e0 l&rsquo;Atelier d&rsquo;Arsud.\u00a0 Line Up : Pascal Versini (piano) Cleveland Donald (Trompette et Vocal) Jessy Rakotomanga (Batterie) Willy Quiko (Contrebasse). 2021 Vid\u00e9o tourn\u00e9e en juin 2021 au Denger Studio \u00e0 Marseille. Line Up : Pascal Versini (piano) Cleveland Donald (trompette) Manu Falla (Contrebasse) Joza Christi Orisha &hellip; Vid\u00e9os Lire la suite\u00a0\u00bb\" \/>\n<meta property=\"og:url\" content=\"https:\/\/afropeanproject.fr\/index.php\/videos\/\" \/>\n<meta property=\"og:site_name\" content=\"AFROPEAN PROJECT\" \/>\n<meta property=\"article:publisher\" content=\"https:\/\/www.facebook.com\/metafropeanproject\" \/>\n<meta property=\"article:modified_time\" content=\"2023-03-08T10:41:22+00:00\" \/>\n<meta property=\"og:image\" content=\"http:\/\/afropeanproject.fr\/wp-content\/uploads\/2023\/03\/labo2bandeaudegra-1024x265.png\" \/>\n<meta name=\"twitter:card\" content=\"summary_large_image\" \/>\n<meta name=\"twitter:label1\" content=\"Dur\u00e9e de lecture estim\u00e9e\" \/>\n\t<meta name=\"twitter:data1\" content=\"1 minute\" \/>\n<script type=\"application\/ld+json\" class=\"yoast-schema-graph\">{\"@context\":\"https:\/\/schema.org\",\"@graph\":[{\"@type\":\"WebPage\",\"@id\":\"https:\/\/afropeanproject.fr\/index.php\/videos\/\",\"url\":\"https:\/\/afropeanproject.fr\/index.php\/videos\/\",\"name\":\"Vid\u00e9os - AFROPEAN PROJECT\",\"isPartOf\":{\"@id\":\"https:\/\/afropeanproject.fr\/#website\"},\"datePublished\":\"2023-01-28T23:29:40+00:00\",\"dateModified\":\"2023-03-08T10:41:22+00:00\",\"breadcrumb\":{\"@id\":\"https:\/\/afropeanproject.fr\/index.php\/videos\/#breadcrumb\"},\"inLanguage\":\"fr-FR\",\"potentialAction\":[{\"@type\":\"ReadAction\",\"target\":[\"https:\/\/afropeanproject.fr\/index.php\/videos\/\"]}]},{\"@type\":\"BreadcrumbList\",\"@id\":\"https:\/\/afropeanproject.fr\/index.php\/videos\/#breadcrumb\",\"itemListElement\":[{\"@type\":\"ListItem\",\"position\":1,\"name\":\"Accueil\",\"item\":\"https:\/\/afropeanproject.fr\/\"},{\"@type\":\"ListItem\",\"position\":2,\"name\":\"Vid\u00e9os\"}]},{\"@type\":\"WebSite\",\"@id\":\"https:\/\/afropeanproject.fr\/#website\",\"url\":\"https:\/\/afropeanproject.fr\/\",\"name\":\"AFROPEAN PROJECT\",\"description\":\"\",\"publisher\":{\"@id\":\"https:\/\/afropeanproject.fr\/#organization\"},\"potentialAction\":[{\"@type\":\"SearchAction\",\"target\":{\"@type\":\"EntryPoint\",\"urlTemplate\":\"https:\/\/afropeanproject.fr\/?s={search_term_string}\"},\"query-input\":\"required name=search_term_string\"}],\"inLanguage\":\"fr-FR\"},{\"@type\":\"Organization\",\"@id\":\"https:\/\/afropeanproject.fr\/#organization\",\"name\":\"afropean project\",\"url\":\"https:\/\/afropeanproject.fr\/\",\"logo\":{\"@type\":\"ImageObject\",\"inLanguage\":\"fr-FR\",\"@id\":\"https:\/\/afropeanproject.fr\/#\/schema\/logo\/image\/\",\"url\":\"http:\/\/afropeanproject.fr\/wp-content\/uploads\/2023\/03\/justafropean.png\",\"contentUrl\":\"http:\/\/afropeanproject.fr\/wp-content\/uploads\/2023\/03\/justafropean.png\",\"width\":300,\"height\":300,\"caption\":\"afropean project\"},\"image\":{\"@id\":\"https:\/\/afropeanproject.fr\/#\/schema\/logo\/image\/\"},\"sameAs\":[\"https:\/\/www.facebook.com\/metafropeanproject\",\"https:\/\/instagram.com\/afropean_project?igshid=YmMyMTA2M2Y\"]}]}<\/script>\n<!-- \/ Yoast SEO plugin. -->","yoast_head_json":{"title":"Vid\u00e9os - AFROPEAN PROJECT","robots":{"index":"index","follow":"follow","max-snippet":"max-snippet:-1","max-image-preview":"max-image-preview:large","max-video-preview":"max-video-preview:-1"},"canonical":"https:\/\/afropeanproject.fr\/index.php\/videos\/","og_locale":"fr_FR","og_type":"article","og_title":"Vid\u00e9os - AFROPEAN PROJECT","og_description":"4k Ultra HD 2022 Vid\u00e9o tourn\u00e9e en D\u00e9cembre 2022 \u00e0 l&rsquo;Atelier d&rsquo;Arsud.\u00a0 Line Up : Pascal Versini (piano) Cleveland Donald (Trompette et Vocal) Jessy Rakotomanga (Batterie) Willy Quiko (Contrebasse). 2021 Vid\u00e9o tourn\u00e9e en juin 2021 au Denger Studio \u00e0 Marseille. Line Up : Pascal Versini (piano) Cleveland Donald (trompette) Manu Falla (Contrebasse) Joza Christi Orisha &hellip; Vid\u00e9os Lire la suite\u00a0\u00bb","og_url":"https:\/\/afropeanproject.fr\/index.php\/videos\/","og_site_name":"AFROPEAN PROJECT","article_publisher":"https:\/\/www.facebook.com\/metafropeanproject","article_modified_time":"2023-03-08T10:41:22+00:00","og_image":[{"url":"http:\/\/afropeanproject.fr\/wp-content\/uploads\/2023\/03\/labo2bandeaudegra-1024x265.png"}],"twitter_card":"summary_large_image","twitter_misc":{"Dur\u00e9e de lecture estim\u00e9e":"1 minute"},"schema":{"@context":"https:\/\/schema.org","@graph":[{"@type":"WebPage","@id":"https:\/\/afropeanproject.fr\/index.php\/videos\/","url":"https:\/\/afropeanproject.fr\/index.php\/videos\/","name":"Vid\u00e9os - AFROPEAN PROJECT","isPartOf":{"@id":"https:\/\/afropeanproject.fr\/#website"},"datePublished":"2023-01-28T23:29:40+00:00","dateModified":"2023-03-08T10:41:22+00:00","breadcrumb":{"@id":"https:\/\/afropeanproject.fr\/index.php\/videos\/#breadcrumb"},"inLanguage":"fr-FR","potentialAction":[{"@type":"ReadAction","target":["https:\/\/afropeanproject.fr\/index.php\/videos\/"]}]},{"@type":"BreadcrumbList","@id":"https:\/\/afropeanproject.fr\/index.php\/videos\/#breadcrumb","itemListElement":[{"@type":"ListItem","position":1,"name":"Accueil","item":"https:\/\/afropeanproject.fr\/"},{"@type":"ListItem","position":2,"name":"Vid\u00e9os"}]},{"@type":"WebSite","@id":"https:\/\/afropeanproject.fr\/#website","url":"https:\/\/afropeanproject.fr\/","name":"AFROPEAN PROJECT","description":"","publisher":{"@id":"https:\/\/afropeanproject.fr\/#organization"},"potentialAction":[{"@type":"SearchAction","target":{"@type":"EntryPoint","urlTemplate":"https:\/\/afropeanproject.fr\/?s={search_term_string}"},"query-input":"required name=search_term_string"}],"inLanguage":"fr-FR"},{"@type":"Organization","@id":"https:\/\/afropeanproject.fr\/#organization","name":"afropean project","url":"https:\/\/afropeanproject.fr\/","logo":{"@type":"ImageObject","inLanguage":"fr-FR","@id":"https:\/\/afropeanproject.fr\/#\/schema\/logo\/image\/","url":"http:\/\/afropeanproject.fr\/wp-content\/uploads\/2023\/03\/justafropean.png","contentUrl":"http:\/\/afropeanproject.fr\/wp-content\/uploads\/2023\/03\/justafropean.png","width":300,"height":300,"caption":"afropean project"},"image":{"@id":"https:\/\/afropeanproject.fr\/#\/schema\/logo\/image\/"},"sameAs":["https:\/\/www.facebook.com\/metafropeanproject","https:\/\/instagram.com\/afropean_project?igshid=YmMyMTA2M2Y"]}]}},"_links":{"self":[{"href":"https:\/\/afropeanproject.fr\/index.php\/wp-json\/wp\/v2\/pages\/218","targetHints":{"allow":["GET"]}}],"collection":[{"href":"https:\/\/afropeanproject.fr\/index.php\/wp-json\/wp\/v2\/pages"}],"about":[{"href":"https:\/\/afropeanproject.fr\/index.php\/wp-json\/wp\/v2\/types\/page"}],"author":[{"embeddable":true,"href":"https:\/\/afropeanproject.fr\/index.php\/wp-json\/wp\/v2\/users\/1"}],"replies":[{"embeddable":true,"href":"https:\/\/afropeanproject.fr\/index.php\/wp-json\/wp\/v2\/comments?post=218"}],"version-history":[{"count":55,"href":"https:\/\/afropeanproject.fr\/index.php\/wp-json\/wp\/v2\/pages\/218\/revisions"}],"predecessor-version":[{"id":624,"href":"https:\/\/afropeanproject.fr\/index.php\/wp-json\/wp\/v2\/pages\/218\/revisions\/624"}],"wp:attachment":[{"href":"https:\/\/afropeanproject.fr\/index.php\/wp-json\/wp\/v2\/media?parent=218"}],"curies":[{"name":"wp","href":"https:\/\/api.w.org\/{rel}","templated":true}]}}