{"id":216,"date":"2023-01-29T00:29:18","date_gmt":"2023-01-28T23:29:18","guid":{"rendered":"http:\/\/afropeanproject.fr\/?page_id=216"},"modified":"2024-07-04T14:25:51","modified_gmt":"2024-07-04T12:25:51","slug":"concerts","status":"publish","type":"page","link":"https:\/\/afropeanproject.fr\/index.php\/concerts\/","title":{"rendered":"Concerts"},"content":{"rendered":"\t\t<div data-elementor-type=\"wp-page\" data-elementor-id=\"216\" class=\"elementor elementor-216\">\n\t\t\t\t\t\t\t\t\t<section class=\"elementor-section elementor-top-section elementor-element elementor-element-5844846 elementor-section-boxed elementor-section-height-default elementor-section-height-default\" data-id=\"5844846\" data-element_type=\"section\">\n\t\t\t\t\t\t<div class=\"elementor-container elementor-column-gap-default\">\n\t\t\t\t\t<div class=\"elementor-column elementor-col-100 elementor-top-column elementor-element elementor-element-da6c498\" data-id=\"da6c498\" data-element_type=\"column\">\n\t\t\t<div class=\"elementor-widget-wrap elementor-element-populated\">\n\t\t\t\t\t\t\t\t<div class=\"elementor-element elementor-element-60eb272 elementor-widget elementor-widget-spacer\" data-id=\"60eb272\" data-element_type=\"widget\" data-widget_type=\"spacer.default\">\n\t\t\t\t<div class=\"elementor-widget-container\">\n\t\t\t<style>\/*! elementor - v3.17.0 - 08-11-2023 *\/\n.elementor-column .elementor-spacer-inner{height:var(--spacer-size)}.e-con{--container-widget-width:100%}.e-con-inner>.elementor-widget-spacer,.e-con>.elementor-widget-spacer{width:var(--container-widget-width,var(--spacer-size));--align-self:var(--container-widget-align-self,initial);--flex-shrink:0}.e-con-inner>.elementor-widget-spacer>.elementor-widget-container,.e-con>.elementor-widget-spacer>.elementor-widget-container{height:100%;width:100%}.e-con-inner>.elementor-widget-spacer>.elementor-widget-container>.elementor-spacer,.e-con>.elementor-widget-spacer>.elementor-widget-container>.elementor-spacer{height:100%}.e-con-inner>.elementor-widget-spacer>.elementor-widget-container>.elementor-spacer>.elementor-spacer-inner,.e-con>.elementor-widget-spacer>.elementor-widget-container>.elementor-spacer>.elementor-spacer-inner{height:var(--container-widget-height,var(--spacer-size))}.e-con-inner>.elementor-widget-spacer.elementor-widget-empty,.e-con>.elementor-widget-spacer.elementor-widget-empty{position:relative;min-height:22px;min-width:22px}.e-con-inner>.elementor-widget-spacer.elementor-widget-empty .elementor-widget-empty-icon,.e-con>.elementor-widget-spacer.elementor-widget-empty .elementor-widget-empty-icon{position:absolute;top:0;bottom:0;left:0;right:0;margin:auto;padding:0;width:22px;height:22px}<\/style>\t\t<div class=\"elementor-spacer\">\n\t\t\t<div class=\"elementor-spacer-inner\"><\/div>\n\t\t<\/div>\n\t\t\t\t<\/div>\n\t\t\t\t<\/div>\n\t\t\t\t\t<\/div>\n\t\t<\/div>\n\t\t\t\t\t\t\t<\/div>\n\t\t<\/section>\n\t\t\t\t<section class=\"elementor-section elementor-top-section elementor-element elementor-element-311433e elementor-section-boxed elementor-section-height-default elementor-section-height-default\" data-id=\"311433e\" data-element_type=\"section\">\n\t\t\t\t\t\t<div class=\"elementor-container elementor-column-gap-default\">\n\t\t\t\t\t<div class=\"elementor-column elementor-col-100 elementor-top-column elementor-element elementor-element-4ef418b\" data-id=\"4ef418b\" data-element_type=\"column\">\n\t\t\t<div class=\"elementor-widget-wrap elementor-element-populated\">\n\t\t\t\t\t\t\t\t<div class=\"elementor-element elementor-element-2840f83 elementor-widget elementor-widget-text-editor\" data-id=\"2840f83\" data-element_type=\"widget\" data-widget_type=\"text-editor.default\">\n\t\t\t\t<div class=\"elementor-widget-container\">\n\t\t\t<style>\/*! elementor - v3.17.0 - 08-11-2023 *\/\n.elementor-widget-text-editor.elementor-drop-cap-view-stacked .elementor-drop-cap{background-color:#69727d;color:#fff}.elementor-widget-text-editor.elementor-drop-cap-view-framed .elementor-drop-cap{color:#69727d;border:3px solid;background-color:transparent}.elementor-widget-text-editor:not(.elementor-drop-cap-view-default) .elementor-drop-cap{margin-top:8px}.elementor-widget-text-editor:not(.elementor-drop-cap-view-default) .elementor-drop-cap-letter{width:1em;height:1em}.elementor-widget-text-editor .elementor-drop-cap{float:left;text-align:center;line-height:1;font-size:50px}.elementor-widget-text-editor .elementor-drop-cap-letter{display:inline-block}<\/style>\t\t\t\t<p>le 04 Novembre 2022 au Th\u00e9\u00e2tre des Franciscains &#8211; Beziers<br \/>le 10 Novembre 2022 \u00e0 La Manutention AJMI &#8211; Avignon<br \/>Le 18 Novembre 2022 \u00e0 la Caverne Jazz &#8211; Festival Jazz sur la ville &#8211; Marseille<br \/>le 19 Novembre 2022 au Th\u00e9\u00e2tre Jules Verne jazz Club &#8211; Bandol<br \/>le 20 Novembre 2022 \u00e0 la Maison des Arts &#8211; Cabri\u00e8s<br \/>le 22 Novembre 2022 \u00e0 l\u2019H\u00f4tel du d\u00e9partement &#8211; Forum Provence En Sc\u00e8ne &#8211; Marseille <br \/>le 16 D\u00e9cembre 2022 \u00e0 l\u2019Espace musical Hyperion &#8211; Marseille\u00a0<\/p><p>le 08 Mars 2024 au Hot Brass &#8211; Jazz Fola &#8211; Aix en Provence<br \/>Le 19 juillet 2024 \u00e0 St Jean-St Nicolas dans le cadre du Festival Mosa\u00efque d&rsquo;Arsud<\/p>\t\t\t\t\t\t<\/div>\n\t\t\t\t<\/div>\n\t\t\t\t\t<\/div>\n\t\t<\/div>\n\t\t\t\t\t\t\t<\/div>\n\t\t<\/section>\n\t\t\t\t\t\t\t<\/div>\n\t\t","protected":false},"excerpt":{"rendered":"<p>le 04 Novembre 2022 au Th\u00e9\u00e2tre des Franciscains &#8211; Beziersle 10 Novembre 2022 \u00e0 La Manutention AJMI &#8211; AvignonLe 18 Novembre 2022 \u00e0 la Caverne Jazz &#8211; Festival Jazz sur la ville &#8211; Marseillele 19 Novembre 2022 au Th\u00e9\u00e2tre Jules Verne jazz Club &#8211; Bandolle 20 Novembre 2022 \u00e0 la Maison des Arts &#8211; Cabri\u00e8sle &hellip;<\/p>\n<p class=\"read-more\"> <a class=\"\" href=\"https:\/\/afropeanproject.fr\/index.php\/concerts\/\"> <span class=\"screen-reader-text\">Concerts<\/span> Lire la suite\u00a0\u00bb<\/a><\/p>\n","protected":false},"author":1,"featured_media":0,"parent":0,"menu_order":0,"comment_status":"closed","ping_status":"closed","template":"","meta":{"site-sidebar-layout":"no-sidebar","site-content-layout":"page-builder","ast-global-header-display":"","ast-main-header-display":"","ast-hfb-above-header-display":"","ast-hfb-below-header-display":"","ast-hfb-mobile-header-display":"","site-post-title":"disabled","ast-breadcrumbs-content":"","ast-featured-img":"disabled","footer-sml-layout":"","theme-transparent-header-meta":"","adv-header-id-meta":"","stick-header-meta":"","header-above-stick-meta":"","header-main-stick-meta":"","header-below-stick-meta":"","footnotes":""},"class_list":["post-216","page","type-page","status-publish","hentry"],"yoast_head":"<!-- This site is optimized with the Yoast SEO plugin v21.5 - https:\/\/yoast.com\/wordpress\/plugins\/seo\/ -->\n<title>Concerts - AFROPEAN PROJECT<\/title>\n<meta name=\"robots\" content=\"index, follow, max-snippet:-1, max-image-preview:large, max-video-preview:-1\" \/>\n<link rel=\"canonical\" href=\"https:\/\/afropeanproject.fr\/index.php\/concerts\/\" \/>\n<meta property=\"og:locale\" content=\"fr_FR\" \/>\n<meta property=\"og:type\" content=\"article\" \/>\n<meta property=\"og:title\" content=\"Concerts - AFROPEAN PROJECT\" \/>\n<meta property=\"og:description\" content=\"le 04 Novembre 2022 au Th\u00e9\u00e2tre des Franciscains &#8211; Beziersle 10 Novembre 2022 \u00e0 La Manutention AJMI &#8211; AvignonLe 18 Novembre 2022 \u00e0 la Caverne Jazz &#8211; Festival Jazz sur la ville &#8211; Marseillele 19 Novembre 2022 au Th\u00e9\u00e2tre Jules Verne jazz Club &#8211; Bandolle 20 Novembre 2022 \u00e0 la Maison des Arts &#8211; Cabri\u00e8sle &hellip; Concerts Lire la suite\u00a0\u00bb\" \/>\n<meta property=\"og:url\" content=\"https:\/\/afropeanproject.fr\/index.php\/concerts\/\" \/>\n<meta property=\"og:site_name\" content=\"AFROPEAN PROJECT\" \/>\n<meta property=\"article:publisher\" content=\"https:\/\/www.facebook.com\/metafropeanproject\" \/>\n<meta property=\"article:modified_time\" content=\"2024-07-04T12:25:51+00:00\" \/>\n<meta name=\"twitter:card\" content=\"summary_large_image\" \/>\n<meta name=\"twitter:label1\" content=\"Dur\u00e9e de lecture estim\u00e9e\" \/>\n\t<meta name=\"twitter:data1\" content=\"1 minute\" \/>\n<script type=\"application\/ld+json\" class=\"yoast-schema-graph\">{\"@context\":\"https:\/\/schema.org\",\"@graph\":[{\"@type\":\"WebPage\",\"@id\":\"https:\/\/afropeanproject.fr\/index.php\/concerts\/\",\"url\":\"https:\/\/afropeanproject.fr\/index.php\/concerts\/\",\"name\":\"Concerts - AFROPEAN PROJECT\",\"isPartOf\":{\"@id\":\"https:\/\/afropeanproject.fr\/#website\"},\"datePublished\":\"2023-01-28T23:29:18+00:00\",\"dateModified\":\"2024-07-04T12:25:51+00:00\",\"breadcrumb\":{\"@id\":\"https:\/\/afropeanproject.fr\/index.php\/concerts\/#breadcrumb\"},\"inLanguage\":\"fr-FR\",\"potentialAction\":[{\"@type\":\"ReadAction\",\"target\":[\"https:\/\/afropeanproject.fr\/index.php\/concerts\/\"]}]},{\"@type\":\"BreadcrumbList\",\"@id\":\"https:\/\/afropeanproject.fr\/index.php\/concerts\/#breadcrumb\",\"itemListElement\":[{\"@type\":\"ListItem\",\"position\":1,\"name\":\"Accueil\",\"item\":\"https:\/\/afropeanproject.fr\/\"},{\"@type\":\"ListItem\",\"position\":2,\"name\":\"Concerts\"}]},{\"@type\":\"WebSite\",\"@id\":\"https:\/\/afropeanproject.fr\/#website\",\"url\":\"https:\/\/afropeanproject.fr\/\",\"name\":\"AFROPEAN PROJECT\",\"description\":\"\",\"publisher\":{\"@id\":\"https:\/\/afropeanproject.fr\/#organization\"},\"potentialAction\":[{\"@type\":\"SearchAction\",\"target\":{\"@type\":\"EntryPoint\",\"urlTemplate\":\"https:\/\/afropeanproject.fr\/?s={search_term_string}\"},\"query-input\":\"required name=search_term_string\"}],\"inLanguage\":\"fr-FR\"},{\"@type\":\"Organization\",\"@id\":\"https:\/\/afropeanproject.fr\/#organization\",\"name\":\"afropean project\",\"url\":\"https:\/\/afropeanproject.fr\/\",\"logo\":{\"@type\":\"ImageObject\",\"inLanguage\":\"fr-FR\",\"@id\":\"https:\/\/afropeanproject.fr\/#\/schema\/logo\/image\/\",\"url\":\"http:\/\/afropeanproject.fr\/wp-content\/uploads\/2023\/03\/justafropean.png\",\"contentUrl\":\"http:\/\/afropeanproject.fr\/wp-content\/uploads\/2023\/03\/justafropean.png\",\"width\":300,\"height\":300,\"caption\":\"afropean project\"},\"image\":{\"@id\":\"https:\/\/afropeanproject.fr\/#\/schema\/logo\/image\/\"},\"sameAs\":[\"https:\/\/www.facebook.com\/metafropeanproject\",\"https:\/\/instagram.com\/afropean_project?igshid=YmMyMTA2M2Y\"]}]}<\/script>\n<!-- \/ Yoast SEO plugin. -->","yoast_head_json":{"title":"Concerts - AFROPEAN PROJECT","robots":{"index":"index","follow":"follow","max-snippet":"max-snippet:-1","max-image-preview":"max-image-preview:large","max-video-preview":"max-video-preview:-1"},"canonical":"https:\/\/afropeanproject.fr\/index.php\/concerts\/","og_locale":"fr_FR","og_type":"article","og_title":"Concerts - AFROPEAN PROJECT","og_description":"le 04 Novembre 2022 au Th\u00e9\u00e2tre des Franciscains &#8211; Beziersle 10 Novembre 2022 \u00e0 La Manutention AJMI &#8211; AvignonLe 18 Novembre 2022 \u00e0 la Caverne Jazz &#8211; Festival Jazz sur la ville &#8211; Marseillele 19 Novembre 2022 au Th\u00e9\u00e2tre Jules Verne jazz Club &#8211; Bandolle 20 Novembre 2022 \u00e0 la Maison des Arts &#8211; Cabri\u00e8sle &hellip; Concerts Lire la suite\u00a0\u00bb","og_url":"https:\/\/afropeanproject.fr\/index.php\/concerts\/","og_site_name":"AFROPEAN PROJECT","article_publisher":"https:\/\/www.facebook.com\/metafropeanproject","article_modified_time":"2024-07-04T12:25:51+00:00","twitter_card":"summary_large_image","twitter_misc":{"Dur\u00e9e de lecture estim\u00e9e":"1 minute"},"schema":{"@context":"https:\/\/schema.org","@graph":[{"@type":"WebPage","@id":"https:\/\/afropeanproject.fr\/index.php\/concerts\/","url":"https:\/\/afropeanproject.fr\/index.php\/concerts\/","name":"Concerts - AFROPEAN PROJECT","isPartOf":{"@id":"https:\/\/afropeanproject.fr\/#website"},"datePublished":"2023-01-28T23:29:18+00:00","dateModified":"2024-07-04T12:25:51+00:00","breadcrumb":{"@id":"https:\/\/afropeanproject.fr\/index.php\/concerts\/#breadcrumb"},"inLanguage":"fr-FR","potentialAction":[{"@type":"ReadAction","target":["https:\/\/afropeanproject.fr\/index.php\/concerts\/"]}]},{"@type":"BreadcrumbList","@id":"https:\/\/afropeanproject.fr\/index.php\/concerts\/#breadcrumb","itemListElement":[{"@type":"ListItem","position":1,"name":"Accueil","item":"https:\/\/afropeanproject.fr\/"},{"@type":"ListItem","position":2,"name":"Concerts"}]},{"@type":"WebSite","@id":"https:\/\/afropeanproject.fr\/#website","url":"https:\/\/afropeanproject.fr\/","name":"AFROPEAN PROJECT","description":"","publisher":{"@id":"https:\/\/afropeanproject.fr\/#organization"},"potentialAction":[{"@type":"SearchAction","target":{"@type":"EntryPoint","urlTemplate":"https:\/\/afropeanproject.fr\/?s={search_term_string}"},"query-input":"required name=search_term_string"}],"inLanguage":"fr-FR"},{"@type":"Organization","@id":"https:\/\/afropeanproject.fr\/#organization","name":"afropean project","url":"https:\/\/afropeanproject.fr\/","logo":{"@type":"ImageObject","inLanguage":"fr-FR","@id":"https:\/\/afropeanproject.fr\/#\/schema\/logo\/image\/","url":"http:\/\/afropeanproject.fr\/wp-content\/uploads\/2023\/03\/justafropean.png","contentUrl":"http:\/\/afropeanproject.fr\/wp-content\/uploads\/2023\/03\/justafropean.png","width":300,"height":300,"caption":"afropean project"},"image":{"@id":"https:\/\/afropeanproject.fr\/#\/schema\/logo\/image\/"},"sameAs":["https:\/\/www.facebook.com\/metafropeanproject","https:\/\/instagram.com\/afropean_project?igshid=YmMyMTA2M2Y"]}]}},"_links":{"self":[{"href":"https:\/\/afropeanproject.fr\/index.php\/wp-json\/wp\/v2\/pages\/216","targetHints":{"allow":["GET"]}}],"collection":[{"href":"https:\/\/afropeanproject.fr\/index.php\/wp-json\/wp\/v2\/pages"}],"about":[{"href":"https:\/\/afropeanproject.fr\/index.php\/wp-json\/wp\/v2\/types\/page"}],"author":[{"embeddable":true,"href":"https:\/\/afropeanproject.fr\/index.php\/wp-json\/wp\/v2\/users\/1"}],"replies":[{"embeddable":true,"href":"https:\/\/afropeanproject.fr\/index.php\/wp-json\/wp\/v2\/comments?post=216"}],"version-history":[{"count":46,"href":"https:\/\/afropeanproject.fr\/index.php\/wp-json\/wp\/v2\/pages\/216\/revisions"}],"predecessor-version":[{"id":797,"href":"https:\/\/afropeanproject.fr\/index.php\/wp-json\/wp\/v2\/pages\/216\/revisions\/797"}],"wp:attachment":[{"href":"https:\/\/afropeanproject.fr\/index.php\/wp-json\/wp\/v2\/media?parent=216"}],"curies":[{"name":"wp","href":"https:\/\/api.w.org\/{rel}","templated":true}]}}