{"id":180,"date":"2023-01-28T17:42:06","date_gmt":"2023-01-28T16:42:06","guid":{"rendered":"http:\/\/afropeanproject.fr\/?page_id=180"},"modified":"2025-11-16T23:23:04","modified_gmt":"2025-11-16T22:23:04","slug":"accueil","status":"publish","type":"page","link":"https:\/\/afropeanproject.fr\/","title":{"rendered":"Accueil"},"content":{"rendered":"\t\t<div data-elementor-type=\"wp-page\" data-elementor-id=\"180\" class=\"elementor elementor-180\">\n\t\t\t\t\t\t\t\t\t<section class=\"elementor-section elementor-top-section elementor-element elementor-element-18fb44e elementor-section-boxed elementor-section-height-default elementor-section-height-default\" data-id=\"18fb44e\" data-element_type=\"section\">\n\t\t\t\t\t\t<div class=\"elementor-container elementor-column-gap-default\">\n\t\t\t\t\t<div class=\"elementor-column elementor-col-100 elementor-top-column elementor-element elementor-element-0e3d446\" data-id=\"0e3d446\" data-element_type=\"column\">\n\t\t\t<div class=\"elementor-widget-wrap elementor-element-populated\">\n\t\t\t\t\t\t\t\t<div class=\"elementor-element elementor-element-fe7a80a elementor-widget elementor-widget-spacer\" data-id=\"fe7a80a\" data-element_type=\"widget\" data-widget_type=\"spacer.default\">\n\t\t\t\t<div class=\"elementor-widget-container\">\n\t\t\t<style>\/*! elementor - v3.17.0 - 08-11-2023 *\/\n.elementor-column .elementor-spacer-inner{height:var(--spacer-size)}.e-con{--container-widget-width:100%}.e-con-inner>.elementor-widget-spacer,.e-con>.elementor-widget-spacer{width:var(--container-widget-width,var(--spacer-size));--align-self:var(--container-widget-align-self,initial);--flex-shrink:0}.e-con-inner>.elementor-widget-spacer>.elementor-widget-container,.e-con>.elementor-widget-spacer>.elementor-widget-container{height:100%;width:100%}.e-con-inner>.elementor-widget-spacer>.elementor-widget-container>.elementor-spacer,.e-con>.elementor-widget-spacer>.elementor-widget-container>.elementor-spacer{height:100%}.e-con-inner>.elementor-widget-spacer>.elementor-widget-container>.elementor-spacer>.elementor-spacer-inner,.e-con>.elementor-widget-spacer>.elementor-widget-container>.elementor-spacer>.elementor-spacer-inner{height:var(--container-widget-height,var(--spacer-size))}.e-con-inner>.elementor-widget-spacer.elementor-widget-empty,.e-con>.elementor-widget-spacer.elementor-widget-empty{position:relative;min-height:22px;min-width:22px}.e-con-inner>.elementor-widget-spacer.elementor-widget-empty .elementor-widget-empty-icon,.e-con>.elementor-widget-spacer.elementor-widget-empty .elementor-widget-empty-icon{position:absolute;top:0;bottom:0;left:0;right:0;margin:auto;padding:0;width:22px;height:22px}<\/style>\t\t<div class=\"elementor-spacer\">\n\t\t\t<div class=\"elementor-spacer-inner\"><\/div>\n\t\t<\/div>\n\t\t\t\t<\/div>\n\t\t\t\t<\/div>\n\t\t\t\t\t<\/div>\n\t\t<\/div>\n\t\t\t\t\t\t\t<\/div>\n\t\t<\/section>\n\t\t\t\t<section class=\"elementor-section elementor-top-section elementor-element elementor-element-2913d66 elementor-section-content-middle elementor-section-boxed elementor-section-height-default elementor-section-height-default\" data-id=\"2913d66\" data-element_type=\"section\">\n\t\t\t\t\t\t<div class=\"elementor-container elementor-column-gap-default\">\n\t\t\t\t\t<div class=\"elementor-column elementor-col-50 elementor-top-column elementor-element elementor-element-27ad5f3\" data-id=\"27ad5f3\" data-element_type=\"column\">\n\t\t\t<div class=\"elementor-widget-wrap elementor-element-populated\">\n\t\t\t\t\t\t\t\t<div class=\"elementor-element elementor-element-d21a5cd elementor-widget__width-auto animated-slow elementor-invisible elementor-widget elementor-widget-text-editor\" data-id=\"d21a5cd\" data-element_type=\"widget\" data-settings=\"{&quot;_animation&quot;:&quot;fadeIn&quot;,&quot;_animation_delay&quot;:800}\" data-widget_type=\"text-editor.default\">\n\t\t\t\t<div class=\"elementor-widget-container\">\n\t\t\t<style>\/*! elementor - v3.17.0 - 08-11-2023 *\/\n.elementor-widget-text-editor.elementor-drop-cap-view-stacked .elementor-drop-cap{background-color:#69727d;color:#fff}.elementor-widget-text-editor.elementor-drop-cap-view-framed .elementor-drop-cap{color:#69727d;border:3px solid;background-color:transparent}.elementor-widget-text-editor:not(.elementor-drop-cap-view-default) .elementor-drop-cap{margin-top:8px}.elementor-widget-text-editor:not(.elementor-drop-cap-view-default) .elementor-drop-cap-letter{width:1em;height:1em}.elementor-widget-text-editor .elementor-drop-cap{float:left;text-align:center;line-height:1;font-size:50px}.elementor-widget-text-editor .elementor-drop-cap-letter{display:inline-block}<\/style>\t\t\t\t<p>Afropean project est une rencontre, une r\u00e9union de talents qui voit s\u2019\u00e9panouir, sur la puissante rythmique de Willy Quiko \u00e0 la basse et Jessy Rakotomanga \u00e0 la batterie, les harmonies de Pascal Versini aux claviers, et le souffle a\u00e9rien du trompettiste Cleveland Donald.<\/p><p>L\u2019improvisation a la part belle, de m\u00eame qu\u2019un solide groove qui nous rappelle que notre \u00e9cosyst\u00e8me musical \u00e9tait \u00e0 l\u2019origine fait pour danser\u2026 \u00e0 saute-moutons sur les cultures d\u2019Europe et d\u2019Afrique.<\/p>\t\t\t\t\t\t<\/div>\n\t\t\t\t<\/div>\n\t\t\t\t\t<\/div>\n\t\t<\/div>\n\t\t\t\t<div class=\"elementor-column elementor-col-50 elementor-top-column elementor-element elementor-element-82e4313\" data-id=\"82e4313\" data-element_type=\"column\">\n\t\t\t<div class=\"elementor-widget-wrap elementor-element-populated\">\n\t\t\t\t\t\t\t\t<div class=\"elementor-element elementor-element-ff7715c elementor-widget__width-auto e-transform elementor-invisible elementor-widget elementor-widget-image\" data-id=\"ff7715c\" data-element_type=\"widget\" data-settings=\"{&quot;_animation&quot;:&quot;fadeInRight&quot;,&quot;_transform_rotateZ_effect&quot;:{&quot;unit&quot;:&quot;px&quot;,&quot;size&quot;:0,&quot;sizes&quot;:[]},&quot;_transform_rotateZ_effect_tablet&quot;:{&quot;unit&quot;:&quot;deg&quot;,&quot;size&quot;:&quot;&quot;,&quot;sizes&quot;:[]},&quot;_transform_rotateZ_effect_mobile&quot;:{&quot;unit&quot;:&quot;deg&quot;,&quot;size&quot;:&quot;&quot;,&quot;sizes&quot;:[]}}\" data-widget_type=\"image.default\">\n\t\t\t\t<div class=\"elementor-widget-container\">\n\t\t\t<style>\/*! elementor - v3.17.0 - 08-11-2023 *\/\n.elementor-widget-image{text-align:center}.elementor-widget-image a{display:inline-block}.elementor-widget-image a img[src$=\".svg\"]{width:48px}.elementor-widget-image img{vertical-align:middle;display:inline-block}<\/style>\t\t\t\t\t\t\t\t\t\t\t\t<img loading=\"lazy\" decoding=\"async\" width=\"768\" height=\"576\" src=\"https:\/\/afropeanproject.fr\/wp-content\/uploads\/2023\/02\/Sans-titre-1-768x576.jpg\" class=\"attachment-medium_large size-medium_large wp-image-569\" alt=\"Afropean project en concert \u00e0 Cabries\" srcset=\"https:\/\/afropeanproject.fr\/wp-content\/uploads\/2023\/02\/Sans-titre-1-768x576.jpg 768w, https:\/\/afropeanproject.fr\/wp-content\/uploads\/2023\/02\/Sans-titre-1-300x225.jpg 300w, https:\/\/afropeanproject.fr\/wp-content\/uploads\/2023\/02\/Sans-titre-1-1024x768.jpg 1024w, https:\/\/afropeanproject.fr\/wp-content\/uploads\/2023\/02\/Sans-titre-1-1536x1152.jpg 1536w, https:\/\/afropeanproject.fr\/wp-content\/uploads\/2023\/02\/Sans-titre-1.jpg 1900w\" sizes=\"auto, (max-width: 768px) 100vw, 768px\" \/>\t\t\t\t\t\t\t\t\t\t\t\t\t\t\t<\/div>\n\t\t\t\t<\/div>\n\t\t\t\t\t<\/div>\n\t\t<\/div>\n\t\t\t\t\t\t\t<\/div>\n\t\t<\/section>\n\t\t\t\t\t\t\t<\/div>\n\t\t","protected":false},"excerpt":{"rendered":"<p>Afropean project est une rencontre, une r\u00e9union de talents qui voit s\u2019\u00e9panouir, sur la puissante rythmique de Willy Quiko \u00e0 la basse et Jessy Rakotomanga \u00e0 la batterie, les harmonies de Pascal Versini aux claviers, et le souffle a\u00e9rien du trompettiste Cleveland Donald. L\u2019improvisation a la part belle, de m\u00eame qu\u2019un solide groove qui nous &hellip;<\/p>\n<p class=\"read-more\"> <a class=\"\" href=\"https:\/\/afropeanproject.fr\/\"> <span class=\"screen-reader-text\">Accueil<\/span> Lire la suite\u00a0\u00bb<\/a><\/p>\n","protected":false},"author":1,"featured_media":0,"parent":0,"menu_order":0,"comment_status":"closed","ping_status":"closed","template":"","meta":{"site-sidebar-layout":"no-sidebar","site-content-layout":"page-builder","ast-global-header-display":"","ast-main-header-display":"","ast-hfb-above-header-display":"","ast-hfb-below-header-display":"","ast-hfb-mobile-header-display":"","site-post-title":"disabled","ast-breadcrumbs-content":"","ast-featured-img":"disabled","footer-sml-layout":"","theme-transparent-header-meta":"","adv-header-id-meta":"","stick-header-meta":"","header-above-stick-meta":"","header-main-stick-meta":"","header-below-stick-meta":"","footnotes":""},"class_list":["post-180","page","type-page","status-publish","hentry"],"yoast_head":"<!-- This site is optimized with the Yoast SEO plugin v21.5 - https:\/\/yoast.com\/wordpress\/plugins\/seo\/ -->\n<title>Accueil - AFROPEAN PROJECT<\/title>\n<meta name=\"robots\" content=\"index, follow, max-snippet:-1, max-image-preview:large, max-video-preview:-1\" \/>\n<link rel=\"canonical\" href=\"https:\/\/afropeanproject.fr\/\" \/>\n<meta property=\"og:locale\" content=\"fr_FR\" \/>\n<meta property=\"og:type\" content=\"article\" \/>\n<meta property=\"og:title\" content=\"Accueil - AFROPEAN PROJECT\" \/>\n<meta property=\"og:description\" content=\"Afropean project est une rencontre, une r\u00e9union de talents qui voit s\u2019\u00e9panouir, sur la puissante rythmique de Willy Quiko \u00e0 la basse et Jessy Rakotomanga \u00e0 la batterie, les harmonies de Pascal Versini aux claviers, et le souffle a\u00e9rien du trompettiste Cleveland Donald. L\u2019improvisation a la part belle, de m\u00eame qu\u2019un solide groove qui nous &hellip; Accueil Lire la suite\u00a0\u00bb\" \/>\n<meta property=\"og:url\" content=\"https:\/\/afropeanproject.fr\/\" \/>\n<meta property=\"og:site_name\" content=\"AFROPEAN PROJECT\" \/>\n<meta property=\"article:publisher\" content=\"https:\/\/www.facebook.com\/metafropeanproject\" \/>\n<meta property=\"article:modified_time\" content=\"2025-11-16T22:23:04+00:00\" \/>\n<meta property=\"og:image\" content=\"http:\/\/afropeanproject.fr\/wp-content\/uploads\/2023\/02\/Sans-titre-1-768x576.jpg\" \/>\n<meta name=\"twitter:card\" content=\"summary_large_image\" \/>\n<meta name=\"twitter:label1\" content=\"Dur\u00e9e de lecture estim\u00e9e\" \/>\n\t<meta name=\"twitter:data1\" content=\"1 minute\" \/>\n<script type=\"application\/ld+json\" class=\"yoast-schema-graph\">{\"@context\":\"https:\/\/schema.org\",\"@graph\":[{\"@type\":\"WebPage\",\"@id\":\"https:\/\/afropeanproject.fr\/\",\"url\":\"https:\/\/afropeanproject.fr\/\",\"name\":\"Accueil - AFROPEAN PROJECT\",\"isPartOf\":{\"@id\":\"https:\/\/afropeanproject.fr\/#website\"},\"datePublished\":\"2023-01-28T16:42:06+00:00\",\"dateModified\":\"2025-11-16T22:23:04+00:00\",\"breadcrumb\":{\"@id\":\"https:\/\/afropeanproject.fr\/#breadcrumb\"},\"inLanguage\":\"fr-FR\",\"potentialAction\":[{\"@type\":\"ReadAction\",\"target\":[\"https:\/\/afropeanproject.fr\/\"]}]},{\"@type\":\"BreadcrumbList\",\"@id\":\"https:\/\/afropeanproject.fr\/#breadcrumb\",\"itemListElement\":[{\"@type\":\"ListItem\",\"position\":1,\"name\":\"Accueil\",\"item\":\"https:\/\/afropeanproject.fr\/\"},{\"@type\":\"ListItem\",\"position\":2,\"name\":\"Accueil\"}]},{\"@type\":\"WebSite\",\"@id\":\"https:\/\/afropeanproject.fr\/#website\",\"url\":\"https:\/\/afropeanproject.fr\/\",\"name\":\"AFROPEAN PROJECT\",\"description\":\"\",\"publisher\":{\"@id\":\"https:\/\/afropeanproject.fr\/#organization\"},\"potentialAction\":[{\"@type\":\"SearchAction\",\"target\":{\"@type\":\"EntryPoint\",\"urlTemplate\":\"https:\/\/afropeanproject.fr\/?s={search_term_string}\"},\"query-input\":\"required name=search_term_string\"}],\"inLanguage\":\"fr-FR\"},{\"@type\":\"Organization\",\"@id\":\"https:\/\/afropeanproject.fr\/#organization\",\"name\":\"afropean project\",\"url\":\"https:\/\/afropeanproject.fr\/\",\"logo\":{\"@type\":\"ImageObject\",\"inLanguage\":\"fr-FR\",\"@id\":\"https:\/\/afropeanproject.fr\/#\/schema\/logo\/image\/\",\"url\":\"http:\/\/afropeanproject.fr\/wp-content\/uploads\/2023\/03\/justafropean.png\",\"contentUrl\":\"http:\/\/afropeanproject.fr\/wp-content\/uploads\/2023\/03\/justafropean.png\",\"width\":300,\"height\":300,\"caption\":\"afropean project\"},\"image\":{\"@id\":\"https:\/\/afropeanproject.fr\/#\/schema\/logo\/image\/\"},\"sameAs\":[\"https:\/\/www.facebook.com\/metafropeanproject\",\"https:\/\/instagram.com\/afropean_project?igshid=YmMyMTA2M2Y\"]}]}<\/script>\n<!-- \/ Yoast SEO plugin. -->","yoast_head_json":{"title":"Accueil - AFROPEAN PROJECT","robots":{"index":"index","follow":"follow","max-snippet":"max-snippet:-1","max-image-preview":"max-image-preview:large","max-video-preview":"max-video-preview:-1"},"canonical":"https:\/\/afropeanproject.fr\/","og_locale":"fr_FR","og_type":"article","og_title":"Accueil - AFROPEAN PROJECT","og_description":"Afropean project est une rencontre, une r\u00e9union de talents qui voit s\u2019\u00e9panouir, sur la puissante rythmique de Willy Quiko \u00e0 la basse et Jessy Rakotomanga \u00e0 la batterie, les harmonies de Pascal Versini aux claviers, et le souffle a\u00e9rien du trompettiste Cleveland Donald. L\u2019improvisation a la part belle, de m\u00eame qu\u2019un solide groove qui nous &hellip; Accueil Lire la suite\u00a0\u00bb","og_url":"https:\/\/afropeanproject.fr\/","og_site_name":"AFROPEAN PROJECT","article_publisher":"https:\/\/www.facebook.com\/metafropeanproject","article_modified_time":"2025-11-16T22:23:04+00:00","og_image":[{"url":"http:\/\/afropeanproject.fr\/wp-content\/uploads\/2023\/02\/Sans-titre-1-768x576.jpg"}],"twitter_card":"summary_large_image","twitter_misc":{"Dur\u00e9e de lecture estim\u00e9e":"1 minute"},"schema":{"@context":"https:\/\/schema.org","@graph":[{"@type":"WebPage","@id":"https:\/\/afropeanproject.fr\/","url":"https:\/\/afropeanproject.fr\/","name":"Accueil - AFROPEAN PROJECT","isPartOf":{"@id":"https:\/\/afropeanproject.fr\/#website"},"datePublished":"2023-01-28T16:42:06+00:00","dateModified":"2025-11-16T22:23:04+00:00","breadcrumb":{"@id":"https:\/\/afropeanproject.fr\/#breadcrumb"},"inLanguage":"fr-FR","potentialAction":[{"@type":"ReadAction","target":["https:\/\/afropeanproject.fr\/"]}]},{"@type":"BreadcrumbList","@id":"https:\/\/afropeanproject.fr\/#breadcrumb","itemListElement":[{"@type":"ListItem","position":1,"name":"Accueil","item":"https:\/\/afropeanproject.fr\/"},{"@type":"ListItem","position":2,"name":"Accueil"}]},{"@type":"WebSite","@id":"https:\/\/afropeanproject.fr\/#website","url":"https:\/\/afropeanproject.fr\/","name":"AFROPEAN PROJECT","description":"","publisher":{"@id":"https:\/\/afropeanproject.fr\/#organization"},"potentialAction":[{"@type":"SearchAction","target":{"@type":"EntryPoint","urlTemplate":"https:\/\/afropeanproject.fr\/?s={search_term_string}"},"query-input":"required name=search_term_string"}],"inLanguage":"fr-FR"},{"@type":"Organization","@id":"https:\/\/afropeanproject.fr\/#organization","name":"afropean project","url":"https:\/\/afropeanproject.fr\/","logo":{"@type":"ImageObject","inLanguage":"fr-FR","@id":"https:\/\/afropeanproject.fr\/#\/schema\/logo\/image\/","url":"http:\/\/afropeanproject.fr\/wp-content\/uploads\/2023\/03\/justafropean.png","contentUrl":"http:\/\/afropeanproject.fr\/wp-content\/uploads\/2023\/03\/justafropean.png","width":300,"height":300,"caption":"afropean project"},"image":{"@id":"https:\/\/afropeanproject.fr\/#\/schema\/logo\/image\/"},"sameAs":["https:\/\/www.facebook.com\/metafropeanproject","https:\/\/instagram.com\/afropean_project?igshid=YmMyMTA2M2Y"]}]}},"_links":{"self":[{"href":"https:\/\/afropeanproject.fr\/index.php\/wp-json\/wp\/v2\/pages\/180","targetHints":{"allow":["GET"]}}],"collection":[{"href":"https:\/\/afropeanproject.fr\/index.php\/wp-json\/wp\/v2\/pages"}],"about":[{"href":"https:\/\/afropeanproject.fr\/index.php\/wp-json\/wp\/v2\/types\/page"}],"author":[{"embeddable":true,"href":"https:\/\/afropeanproject.fr\/index.php\/wp-json\/wp\/v2\/users\/1"}],"replies":[{"embeddable":true,"href":"https:\/\/afropeanproject.fr\/index.php\/wp-json\/wp\/v2\/comments?post=180"}],"version-history":[{"count":63,"href":"https:\/\/afropeanproject.fr\/index.php\/wp-json\/wp\/v2\/pages\/180\/revisions"}],"predecessor-version":[{"id":804,"href":"https:\/\/afropeanproject.fr\/index.php\/wp-json\/wp\/v2\/pages\/180\/revisions\/804"}],"wp:attachment":[{"href":"https:\/\/afropeanproject.fr\/index.php\/wp-json\/wp\/v2\/media?parent=180"}],"curies":[{"name":"wp","href":"https:\/\/api.w.org\/{rel}","templated":true}]}}